{"id":3726,"date":"2021-09-08T12:29:09","date_gmt":"2021-09-08T15:29:09","guid":{"rendered":"https:\/\/mundocriart.com.br\/?post_type=product&#038;p=3726"},"modified":"2023-02-09T20:28:14","modified_gmt":"2023-02-09T23:28:14","slug":"agenda-diaria","status":"publish","type":"product","link":"https:\/\/mundocriart.com.br\/index.php\/product\/agenda-diaria\/","title":{"rendered":"Agenda &#8211; Di\u00e1ria"},"content":{"rendered":"<p><strong>Agenda di\u00e1ria<\/strong><\/p>\n<p><strong>DESCRI\u00c7\u00c3O COMPLETA DO PRODUTO<\/strong><\/p>\n<p><em>* A arte desse produto j\u00e1 esta inclusa no valor. Se voc\u00ea esta comprando a impress\u00e3o, n\u00e3o precisa comprar a arte separadamente.<\/em><\/p>\n<p>N\u00e3o esta incluso a cria\u00e7\u00e3o da sua logo comprando este produto, cria\u00e7\u00e3o de logo \u00e9 a parte. (compre sua identidade visual aqui em nosso site)<\/p>\n<blockquote><p><em><strong>INFORMA\u00c7\u00c3O IMPORTANTE: A agenda n\u00e3o inclui o <\/strong><\/em><b style=\"font-style: inherit;\">el\u00e1stico.<\/b><\/p><\/blockquote>\n<p><strong>Garantia:<\/strong><br \/>\nN\u00e3o garantimos fidelidade de cores em nenhuma hip\u00f3tese. Os impressos poder\u00e3o apresentar varia\u00e7\u00e3o de intensidade e tonalidade das cores, em rela\u00e7\u00e3o ao monitor ou \u00e0 prova impressa, bem como em rela\u00e7\u00e3o \u00e0s reimpress\u00f5es.<\/p>\n<p>Ao chegar para voc\u00ea, e o produto estiver com algum defeito, nos informe o mais r\u00e1pido poss\u00edvel com fotos via e-mail (contato@mundocriart.com.br) para avaliarmos e fazer a poss\u00edvel troca.<\/p>\n<p><strong class=\"titulo\">Ficha T\u00e9cnica:<\/strong><br \/>\nA agenda inclui mapas , tabelas , \u00edndice telef\u00f4nico , informa\u00e7\u00f5es diversas , calend\u00e1rios de planejamento, Luas , feriados , esta\u00e7\u00f5es do ano. &#8211; Um dia por p\u00e1gina exceto s\u00e1bado e domingo. &#8211; Capa Personaliz\u00e1vel &#8211; Miolo Padr\u00e3o.<\/p>\n<p><em><strong>*LEIA TODOS OS TERMOS ANTES DE EFETUAR A COMPRA DO PRODUTO*<\/strong><\/em><\/p>\n<p><em>COMPOSI\u00c7\u00c3O DO PRODUTO<\/em><\/p>\n<p>Papel\/Material: Couch\u00ea brilho digital<br \/>\nCores: 4\u00d71<br \/>\nGramatura: 150g<br \/>\nTamanho: 15cm x21cm<br \/>\nAcabamento: Capa dura, Wire-o branco<br \/>\nQuantidade de folhas: 334 P\u00e1ginas, 167 Folhas<\/p>\n<p><strong>PRAZO DE POSTAGEM NOS CORREIOS<\/strong><\/p>\n<p><em>Prazos:<\/em><br \/>\n<em>3 dias \u00fateis para a cria\u00e7\u00e3o da arte (ap\u00f3s as informa\u00e7\u00f5es dadas pelo cliente) + 12 dias \u00fateis para a impress\u00e3o do material + prazo do correio<\/em><\/p>\n","protected":false},"excerpt":{"rendered":"<p>Agenda di\u00e1ria DESCRI\u00c7\u00c3O COMPLETA DO PRODUTO * A arte desse produto j\u00e1 esta inclusa no valor. Se voc\u00ea esta comprando a impress\u00e3o, n\u00e3o precisa comprar a arte separadamente. N\u00e3o esta incluso a cria\u00e7\u00e3o da sua logo comprando este produto, cria\u00e7\u00e3o de logo \u00e9 a parte. (compre sua identidade visual aqui em nosso site) INFORMA\u00c7\u00c3O IMPORTANTE: [&hellip;]<\/p>\n","protected":false},"featured_media":3731,"comment_status":"open","ping_status":"closed","template":"","meta":{"site-sidebar-layout":"default","site-content-layout":"default","ast-site-content-layout":"","site-content-style":"default","site-sidebar-style":"default","ast-global-header-display":"","ast-banner-title-visibility":"","ast-main-header-display":"","ast-hfb-above-header-display":"","ast-hfb-below-header-display":"","ast-hfb-mobile-header-display":"","site-post-title":"","ast-breadcrumbs-content":"","ast-featured-img":"","footer-sml-layout":"","theme-transparent-header-meta":"default","adv-header-id-meta":"","stick-header-meta":"","header-above-stick-meta":"","header-main-stick-meta":"","header-below-stick-meta":"","astra-migrate-meta-layouts":"default","ast-page-background-enabled":"default","ast-page-background-meta":{"desktop":{"background-color":"","background-image":"","background-repeat":"repeat","background-position":"center center","background-size":"auto","background-attachment":"scroll","background-type":"","background-media":"","overlay-type":"","overlay-color":"","overlay-gradient":""},"tablet":{"background-color":"","background-image":"","background-repeat":"repeat","background-position":"center center","background-size":"auto","background-attachment":"scroll","background-type":"","background-media":"","overlay-type":"","overlay-color":"","overlay-gradient":""},"mobile":{"background-color":"","background-image":"","background-repeat":"repeat","background-position":"center center","background-size":"auto","background-attachment":"scroll","background-type":"","background-media":"","overlay-type":"","overlay-color":"","overlay-gradient":""}},"ast-content-background-meta":{"desktop":{"background-color":"var(--ast-global-color-5)","background-image":"","background-repeat":"repeat","background-position":"center center","background-size":"auto","background-attachment":"scroll","background-type":"","background-media":"","overlay-type":"","overlay-color":"","overlay-gradient":""},"tablet":{"background-color":"var(--ast-global-color-5)","background-image":"","background-repeat":"repeat","background-position":"center center","background-size":"auto","background-attachment":"scroll","background-type":"","background-media":"","overlay-type":"","overlay-color":"","overlay-gradient":""},"mobile":{"background-color":"var(--ast-global-color-5)","background-image":"","background-repeat":"repeat","background-position":"center center","background-size":"auto","background-attachment":"scroll","background-type":"","background-media":"","overlay-type":"","overlay-color":"","overlay-gradient":""}}},"product_cat":[79],"product_tag":[],"_links":{"self":[{"href":"https:\/\/mundocriart.com.br\/index.php\/wp-json\/wp\/v2\/product\/3726"}],"collection":[{"href":"https:\/\/mundocriart.com.br\/index.php\/wp-json\/wp\/v2\/product"}],"about":[{"href":"https:\/\/mundocriart.com.br\/index.php\/wp-json\/wp\/v2\/types\/product"}],"replies":[{"embeddable":true,"href":"https:\/\/mundocriart.com.br\/index.php\/wp-json\/wp\/v2\/comments?post=3726"}],"version-history":[{"count":4,"href":"https:\/\/mundocriart.com.br\/index.php\/wp-json\/wp\/v2\/product\/3726\/revisions"}],"predecessor-version":[{"id":4030,"href":"https:\/\/mundocriart.com.br\/index.php\/wp-json\/wp\/v2\/product\/3726\/revisions\/4030"}],"wp:featuredmedia":[{"embeddable":true,"href":"https:\/\/mundocriart.com.br\/index.php\/wp-json\/wp\/v2\/media\/3731"}],"wp:attachment":[{"href":"https:\/\/mundocriart.com.br\/index.php\/wp-json\/wp\/v2\/media?parent=3726"}],"wp:term":[{"taxonomy":"product_cat","embeddable":true,"href":"https:\/\/mundocriart.com.br\/index.php\/wp-json\/wp\/v2\/product_cat?post=3726"},{"taxonomy":"product_tag","embeddable":true,"href":"https:\/\/mundocriart.com.br\/index.php\/wp-json\/wp\/v2\/product_tag?post=3726"}],"curies":[{"name":"wp","href":"https:\/\/api.w.org\/{rel}","templated":true}]}}