{"id":3708,"date":"2021-09-02T15:20:53","date_gmt":"2021-09-02T18:20:53","guid":{"rendered":"https:\/\/mundocriart.com.br\/?post_type=product&#038;p=3708"},"modified":"2022-01-12T12:29:59","modified_gmt":"2022-01-12T15:29:59","slug":"cartao-de-visita-digital-interativo","status":"publish","type":"product","link":"https:\/\/mundocriart.com.br\/index.php\/product\/cartao-de-visita-digital-interativo\/","title":{"rendered":"Cart\u00e3o de Visita &#8211; Digital Interativo"},"content":{"rendered":"<p><strong>Cart\u00e3o de Visita &#8211; Digital Interativo<\/strong><\/p>\n<p><strong><em>Como funciona:<\/em><\/strong><\/p>\n<p>Realizando a compra deste produto e o pagamento sendo aprovado, em at\u00e9 48h \u00fateis o atendente do WhatsApp vai lhe enviar uma mensagem, salve o comprovante da compra para apresentar a ele. Apresentando o comprovante iremos dar in\u00edcio ao seu projeto, come\u00e7aremos enviando um briefing para saber o que voc\u00ea deseja no seu cart\u00e3o, as cores, o desenho, as inspira\u00e7\u00f5es que voc\u00ea tenha e a partir da\u00ed iremos criar a pr\u00e9via.<\/p>\n<p><em><strong>O que \u00e9 briefing?<\/strong><\/em><\/p>\n<p>\u00c9 um question\u00e1rio onde voc\u00ea vai colocar informa\u00e7\u00f5es como: sua logo, prefer\u00eancia de cores, elementos, p\u00fablico alvo, produtos, anexo de refer\u00eancias, entre outros. \u00c9 \u00e1 partir das respostas do briefing que vamos ter o embasamento para criar o seu projeto. Portanto quanto mais informa\u00e7\u00f5es, melhor. Tamb\u00e9m n\u00e3o aceitaremos altera\u00e7\u00f5es nas respostas ap\u00f3s o envio da pr\u00e9via para aprova\u00e7\u00e3o.<\/p>\n<p><strong>Posso fazer altera\u00e7\u00e3o?<\/strong><\/p>\n<p><em>Sim! Na entrega da pr\u00e9via \u00e9 permitido fazer at\u00e9 3 pedidos de altera\u00e7\u00f5es gratuitas, e n\u00e3o \u00e9 permitido fazer uma nova pr\u00e9via.<\/em><\/p>\n<p><em>Caso queira mais altera\u00e7\u00f5es, \u00e9 cobrado 40,00 a cada pedido de mudan\u00e7a.<\/em><\/p>\n<p><strong>Qual \u00e9 o prazo?<\/strong><\/p>\n<p>Prazo para entrega das pr\u00e9vias: 10 dias \u00fateis<\/p>\n<p><strong>Contamos a partir do momento em que o briefing \u00e9 respondido.<\/strong><\/p>\n","protected":false},"excerpt":{"rendered":"<p>Cart\u00e3o de Visita &#8211; Digital Interativo Como funciona: Realizando a compra deste produto e o pagamento sendo aprovado, em at\u00e9 48h \u00fateis o atendente do WhatsApp vai lhe enviar uma mensagem, salve o comprovante da compra para apresentar a ele. Apresentando o comprovante iremos dar in\u00edcio ao seu projeto, come\u00e7aremos enviando um briefing para saber [&hellip;]<\/p>\n","protected":false},"featured_media":3710,"comment_status":"open","ping_status":"closed","template":"","meta":{"site-sidebar-layout":"default","site-content-layout":"default","ast-site-content-layout":"","site-content-style":"default","site-sidebar-style":"default","ast-global-header-display":"","ast-banner-title-visibility":"","ast-main-header-display":"","ast-hfb-above-header-display":"","ast-hfb-below-header-display":"","ast-hfb-mobile-header-display":"","site-post-title":"","ast-breadcrumbs-content":"","ast-featured-img":"","footer-sml-layout":"","theme-transparent-header-meta":"default","adv-header-id-meta":"","stick-header-meta":"","header-above-stick-meta":"","header-main-stick-meta":"","header-below-stick-meta":"","astra-migrate-meta-layouts":"default","ast-page-background-enabled":"default","ast-page-background-meta":{"desktop":{"background-color":"","background-image":"","background-repeat":"repeat","background-position":"center center","background-size":"auto","background-attachment":"scroll","background-type":"","background-media":"","overlay-type":"","overlay-color":"","overlay-gradient":""},"tablet":{"background-color":"","background-image":"","background-repeat":"repeat","background-position":"center center","background-size":"auto","background-attachment":"scroll","background-type":"","background-media":"","overlay-type":"","overlay-color":"","overlay-gradient":""},"mobile":{"background-color":"","background-image":"","background-repeat":"repeat","background-position":"center center","background-size":"auto","background-attachment":"scroll","background-type":"","background-media":"","overlay-type":"","overlay-color":"","overlay-gradient":""}},"ast-content-background-meta":{"desktop":{"background-color":"var(--ast-global-color-5)","background-image":"","background-repeat":"repeat","background-position":"center center","background-size":"auto","background-attachment":"scroll","background-type":"","background-media":"","overlay-type":"","overlay-color":"","overlay-gradient":""},"tablet":{"background-color":"var(--ast-global-color-5)","background-image":"","background-repeat":"repeat","background-position":"center center","background-size":"auto","background-attachment":"scroll","background-type":"","background-media":"","overlay-type":"","overlay-color":"","overlay-gradient":""},"mobile":{"background-color":"var(--ast-global-color-5)","background-image":"","background-repeat":"repeat","background-position":"center center","background-size":"auto","background-attachment":"scroll","background-type":"","background-media":"","overlay-type":"","overlay-color":"","overlay-gradient":""}}},"product_cat":[69],"product_tag":[],"_links":{"self":[{"href":"https:\/\/mundocriart.com.br\/index.php\/wp-json\/wp\/v2\/product\/3708"}],"collection":[{"href":"https:\/\/mundocriart.com.br\/index.php\/wp-json\/wp\/v2\/product"}],"about":[{"href":"https:\/\/mundocriart.com.br\/index.php\/wp-json\/wp\/v2\/types\/product"}],"replies":[{"embeddable":true,"href":"https:\/\/mundocriart.com.br\/index.php\/wp-json\/wp\/v2\/comments?post=3708"}],"version-history":[{"count":1,"href":"https:\/\/mundocriart.com.br\/index.php\/wp-json\/wp\/v2\/product\/3708\/revisions"}],"predecessor-version":[{"id":3711,"href":"https:\/\/mundocriart.com.br\/index.php\/wp-json\/wp\/v2\/product\/3708\/revisions\/3711"}],"wp:featuredmedia":[{"embeddable":true,"href":"https:\/\/mundocriart.com.br\/index.php\/wp-json\/wp\/v2\/media\/3710"}],"wp:attachment":[{"href":"https:\/\/mundocriart.com.br\/index.php\/wp-json\/wp\/v2\/media?parent=3708"}],"wp:term":[{"taxonomy":"product_cat","embeddable":true,"href":"https:\/\/mundocriart.com.br\/index.php\/wp-json\/wp\/v2\/product_cat?post=3708"},{"taxonomy":"product_tag","embeddable":true,"href":"https:\/\/mundocriart.com.br\/index.php\/wp-json\/wp\/v2\/product_tag?post=3708"}],"curies":[{"name":"wp","href":"https:\/\/api.w.org\/{rel}","templated":true}]}}