{"id":3432,"date":"2021-08-17T21:40:13","date_gmt":"2021-08-18T00:40:13","guid":{"rendered":"https:\/\/mundocriart.com.br\/?post_type=product&#038;p=3432"},"modified":"2023-02-09T20:36:15","modified_gmt":"2023-02-09T23:36:15","slug":"sacola-plastica-boca-vazada-20x30","status":"publish","type":"product","link":"https:\/\/mundocriart.com.br\/index.php\/product\/sacola-plastica-boca-vazada-20x30\/","title":{"rendered":"Sacola pl\u00e1stica &#8211; Boca vazada 20&#215;30"},"content":{"rendered":"<p>Sacola pl\u00e1stica &#8211; Boca vazada pequena 20&#215;30<\/p>\n<p><strong>DESCRI\u00c7\u00c3O COMPLETA DO PRODUTO<\/strong><\/p>\n<p>Sacolas possuem \u00f3timo custo-benef\u00edcio, ideal para valorizar o seu neg\u00f3cio e aumentar a sua visibilidade no mercado.<\/p>\n<p><em>* A arte desse produto j\u00e1 esta inclusa no valor. Se voc\u00ea esta comprando a impress\u00e3o, n\u00e3o precisa comprar a arte separadamente.<\/em><\/p>\n<p>N\u00e3o esta incluso a cria\u00e7\u00e3o da sua logo comprando este produto, cria\u00e7\u00e3o de logo \u00e9 a parte. (compre sua identidade visual aqui em nosso site)<\/p>\n<p><strong>Garantia:<\/strong><br \/>\nN\u00e3o garantimos fidelidade de cores em nenhuma hip\u00f3tese. Os impressos poder\u00e3o apresentar varia\u00e7\u00e3o de intensidade e tonalidade das cores, em rela\u00e7\u00e3o ao monitor ou \u00e0 prova impressa, bem como em rela\u00e7\u00e3o \u00e0s reimpress\u00f5es.<\/p>\n<p>Ao chegar para voc\u00ea, e o produto estiver com algum defeito, nos informe o mais r\u00e1pido poss\u00edvel com fotos via e-mail (contato@mundocriart.com.br) para avaliarmos e fazer a poss\u00edvel troca.<\/p>\n<p><em><strong>*LEIA TODOS OS TERMOS ANTES DE EFETUAR A COMPRA DO PRODUTO*<\/strong><\/em><\/p>\n<p><em>COMPOSI\u00c7\u00c3O DO PRODUTO<\/em><\/p>\n<p>Papel\/Material:\u00a0 Sacola pl\u00e1stica boca vazada<br \/>\nCores: 1\u00d70<br \/>\nGramatura: 10g<br \/>\nTamanho: 20x30cm<br \/>\nPeso: 100g<\/p>\n<p><strong>PRAZO DE POSTAGEM NOS CORREIOS<\/strong><\/p>\n<p><em>Prazos:<\/em><br \/>\n<em>3 dias \u00fateis para a cria\u00e7\u00e3o da arte (ap\u00f3s as informa\u00e7\u00f5es dadas pelo cliente) + 12\u00a0dias \u00fateis para a impress\u00e3o do material + prazo do correio<\/em><\/p>\n","protected":false},"excerpt":{"rendered":"<p>Sacola pl\u00e1stica &#8211; Boca vazada pequena 20&#215;30 DESCRI\u00c7\u00c3O COMPLETA DO PRODUTO Sacolas possuem \u00f3timo custo-benef\u00edcio, ideal para valorizar o seu neg\u00f3cio e aumentar a sua visibilidade no mercado. * A arte desse produto j\u00e1 esta inclusa no valor. Se voc\u00ea esta comprando a impress\u00e3o, n\u00e3o precisa comprar a arte separadamente. N\u00e3o esta incluso a cria\u00e7\u00e3o [&hellip;]<\/p>\n","protected":false},"featured_media":3421,"comment_status":"open","ping_status":"closed","template":"","meta":{"site-sidebar-layout":"default","site-content-layout":"default","ast-site-content-layout":"","site-content-style":"default","site-sidebar-style":"default","ast-global-header-display":"","ast-banner-title-visibility":"","ast-main-header-display":"","ast-hfb-above-header-display":"","ast-hfb-below-header-display":"","ast-hfb-mobile-header-display":"","site-post-title":"","ast-breadcrumbs-content":"","ast-featured-img":"","footer-sml-layout":"","theme-transparent-header-meta":"default","adv-header-id-meta":"","stick-header-meta":"","header-above-stick-meta":"","header-main-stick-meta":"","header-below-stick-meta":"","astra-migrate-meta-layouts":"default","ast-page-background-enabled":"default","ast-page-background-meta":{"desktop":{"background-color":"","background-image":"","background-repeat":"repeat","background-position":"center center","background-size":"auto","background-attachment":"scroll","background-type":"","background-media":"","overlay-type":"","overlay-color":"","overlay-gradient":""},"tablet":{"background-color":"","background-image":"","background-repeat":"repeat","background-position":"center center","background-size":"auto","background-attachment":"scroll","background-type":"","background-media":"","overlay-type":"","overlay-color":"","overlay-gradient":""},"mobile":{"background-color":"","background-image":"","background-repeat":"repeat","background-position":"center center","background-size":"auto","background-attachment":"scroll","background-type":"","background-media":"","overlay-type":"","overlay-color":"","overlay-gradient":""}},"ast-content-background-meta":{"desktop":{"background-color":"var(--ast-global-color-5)","background-image":"","background-repeat":"repeat","background-position":"center center","background-size":"auto","background-attachment":"scroll","background-type":"","background-media":"","overlay-type":"","overlay-color":"","overlay-gradient":""},"tablet":{"background-color":"var(--ast-global-color-5)","background-image":"","background-repeat":"repeat","background-position":"center center","background-size":"auto","background-attachment":"scroll","background-type":"","background-media":"","overlay-type":"","overlay-color":"","overlay-gradient":""},"mobile":{"background-color":"var(--ast-global-color-5)","background-image":"","background-repeat":"repeat","background-position":"center center","background-size":"auto","background-attachment":"scroll","background-type":"","background-media":"","overlay-type":"","overlay-color":"","overlay-gradient":""}}},"product_cat":[67],"product_tag":[],"_links":{"self":[{"href":"https:\/\/mundocriart.com.br\/index.php\/wp-json\/wp\/v2\/product\/3432"}],"collection":[{"href":"https:\/\/mundocriart.com.br\/index.php\/wp-json\/wp\/v2\/product"}],"about":[{"href":"https:\/\/mundocriart.com.br\/index.php\/wp-json\/wp\/v2\/types\/product"}],"replies":[{"embeddable":true,"href":"https:\/\/mundocriart.com.br\/index.php\/wp-json\/wp\/v2\/comments?post=3432"}],"version-history":[{"count":1,"href":"https:\/\/mundocriart.com.br\/index.php\/wp-json\/wp\/v2\/product\/3432\/revisions"}],"predecessor-version":[{"id":3438,"href":"https:\/\/mundocriart.com.br\/index.php\/wp-json\/wp\/v2\/product\/3432\/revisions\/3438"}],"wp:featuredmedia":[{"embeddable":true,"href":"https:\/\/mundocriart.com.br\/index.php\/wp-json\/wp\/v2\/media\/3421"}],"wp:attachment":[{"href":"https:\/\/mundocriart.com.br\/index.php\/wp-json\/wp\/v2\/media?parent=3432"}],"wp:term":[{"taxonomy":"product_cat","embeddable":true,"href":"https:\/\/mundocriart.com.br\/index.php\/wp-json\/wp\/v2\/product_cat?post=3432"},{"taxonomy":"product_tag","embeddable":true,"href":"https:\/\/mundocriart.com.br\/index.php\/wp-json\/wp\/v2\/product_tag?post=3432"}],"curies":[{"name":"wp","href":"https:\/\/api.w.org\/{rel}","templated":true}]}}