{"id":3192,"date":"2021-08-17T11:28:57","date_gmt":"2021-08-17T14:28:57","guid":{"rendered":"https:\/\/mundocriart.com.br\/?post_type=product&#038;p=3192"},"modified":"2022-01-17T16:51:02","modified_gmt":"2022-01-17T19:51:02","slug":"cartao-de-visita-papel-kraft","status":"publish","type":"product","link":"https:\/\/mundocriart.com.br\/index.php\/product\/cartao-de-visita-papel-kraft\/","title":{"rendered":"Cart\u00e3o De Visita &#8211; Papel kraft"},"content":{"rendered":"<p><strong>Cart\u00e3o De Visita &#8211; Papel kraft<\/strong><\/p>\n<p><strong>DESCRI\u00c7\u00c3O COMPLETA DO PRODUTO<\/strong><\/p>\n<p><em>* A arte desse produto j\u00e1 esta inclusa no valor. Se voc\u00ea esta comprando a impress\u00e3o, n\u00e3o precisa comprar a arte separadamente.<\/em><\/p>\n<p>N\u00e3o esta incluso a cria\u00e7\u00e3o da sua logo comprando este produto, cria\u00e7\u00e3o de logo \u00e9 a parte. (compre sua identidade visual aqui em nosso site)<\/p>\n<blockquote><p><em><strong>INFORMA\u00c7\u00c3O IMPORTANTE: A Impress\u00e3o deste produto N\u00c3O cont\u00e9m tinta branca.<\/strong><\/em><\/p><\/blockquote>\n<p><strong>Garantia:<\/strong><br \/>\nN\u00e3o garantimos fidelidade de cores em nenhuma hip\u00f3tese. Os impressos poder\u00e3o apresentar varia\u00e7\u00e3o de intensidade e tonalidade das cores, em rela\u00e7\u00e3o ao monitor ou \u00e0 prova impressa, bem como em rela\u00e7\u00e3o \u00e0s reimpress\u00f5es.<\/p>\n<p>Ao chegar para voc\u00ea, e o produto estiver com algum defeito, nos informe o mais r\u00e1pido poss\u00edvel com fotos via e-mail (contato@mundocriart.com.br) para avaliarmos e fazer a poss\u00edvel troca.<\/p>\n<p><em><strong>*LEIA TODOS OS TERMOS ANTES DE EFETUAR A COMPRA DO PRODUTO*<\/strong><\/em><\/p>\n<p><em>COMPOSI\u00c7\u00c3O DO PRODUTO<\/em><\/p>\n<p>Papel\/Material: Papel kraft<br \/>\nCores: 4&#215;4<br \/>\nGramatura: 300g<br \/>\nTamanho: 9cm x 5cm<br \/>\nPeso: 1150g<\/p>\n<p><strong>PRAZO DE POSTAGEM NOS CORREIOS<\/strong><\/p>\n<p><em>Prazos:<\/em><br \/>\n<em>3 dias \u00fateis para a cria\u00e7\u00e3o da arte (ap\u00f3s as informa\u00e7\u00f5es dadas pelo cliente) + 10 dias \u00fateis para a impress\u00e3o do material + prazo do correio<\/em><\/p>\n","protected":false},"excerpt":{"rendered":"<p>Cart\u00e3o De Visita &#8211; Papel kraft DESCRI\u00c7\u00c3O COMPLETA DO PRODUTO * A arte desse produto j\u00e1 esta inclusa no valor. Se voc\u00ea esta comprando a impress\u00e3o, n\u00e3o precisa comprar a arte separadamente. N\u00e3o esta incluso a cria\u00e7\u00e3o da sua logo comprando este produto, cria\u00e7\u00e3o de logo \u00e9 a parte. (compre sua identidade visual aqui em [&hellip;]<\/p>\n","protected":false},"featured_media":3206,"comment_status":"open","ping_status":"closed","template":"","meta":{"site-sidebar-layout":"default","site-content-layout":"default","ast-site-content-layout":"","site-content-style":"default","site-sidebar-style":"default","ast-global-header-display":"","ast-banner-title-visibility":"","ast-main-header-display":"","ast-hfb-above-header-display":"","ast-hfb-below-header-display":"","ast-hfb-mobile-header-display":"","site-post-title":"","ast-breadcrumbs-content":"","ast-featured-img":"","footer-sml-layout":"","theme-transparent-header-meta":"default","adv-header-id-meta":"","stick-header-meta":"","header-above-stick-meta":"","header-main-stick-meta":"","header-below-stick-meta":"","astra-migrate-meta-layouts":"default","ast-page-background-enabled":"default","ast-page-background-meta":{"desktop":{"background-color":"","background-image":"","background-repeat":"repeat","background-position":"center center","background-size":"auto","background-attachment":"scroll","background-type":"","background-media":"","overlay-type":"","overlay-color":"","overlay-gradient":""},"tablet":{"background-color":"","background-image":"","background-repeat":"repeat","background-position":"center center","background-size":"auto","background-attachment":"scroll","background-type":"","background-media":"","overlay-type":"","overlay-color":"","overlay-gradient":""},"mobile":{"background-color":"","background-image":"","background-repeat":"repeat","background-position":"center center","background-size":"auto","background-attachment":"scroll","background-type":"","background-media":"","overlay-type":"","overlay-color":"","overlay-gradient":""}},"ast-content-background-meta":{"desktop":{"background-color":"var(--ast-global-color-5)","background-image":"","background-repeat":"repeat","background-position":"center center","background-size":"auto","background-attachment":"scroll","background-type":"","background-media":"","overlay-type":"","overlay-color":"","overlay-gradient":""},"tablet":{"background-color":"var(--ast-global-color-5)","background-image":"","background-repeat":"repeat","background-position":"center center","background-size":"auto","background-attachment":"scroll","background-type":"","background-media":"","overlay-type":"","overlay-color":"","overlay-gradient":""},"mobile":{"background-color":"var(--ast-global-color-5)","background-image":"","background-repeat":"repeat","background-position":"center center","background-size":"auto","background-attachment":"scroll","background-type":"","background-media":"","overlay-type":"","overlay-color":"","overlay-gradient":""}}},"product_cat":[51],"product_tag":[52],"_links":{"self":[{"href":"https:\/\/mundocriart.com.br\/index.php\/wp-json\/wp\/v2\/product\/3192"}],"collection":[{"href":"https:\/\/mundocriart.com.br\/index.php\/wp-json\/wp\/v2\/product"}],"about":[{"href":"https:\/\/mundocriart.com.br\/index.php\/wp-json\/wp\/v2\/types\/product"}],"replies":[{"embeddable":true,"href":"https:\/\/mundocriart.com.br\/index.php\/wp-json\/wp\/v2\/comments?post=3192"}],"version-history":[{"count":3,"href":"https:\/\/mundocriart.com.br\/index.php\/wp-json\/wp\/v2\/product\/3192\/revisions"}],"predecessor-version":[{"id":3825,"href":"https:\/\/mundocriart.com.br\/index.php\/wp-json\/wp\/v2\/product\/3192\/revisions\/3825"}],"wp:featuredmedia":[{"embeddable":true,"href":"https:\/\/mundocriart.com.br\/index.php\/wp-json\/wp\/v2\/media\/3206"}],"wp:attachment":[{"href":"https:\/\/mundocriart.com.br\/index.php\/wp-json\/wp\/v2\/media?parent=3192"}],"wp:term":[{"taxonomy":"product_cat","embeddable":true,"href":"https:\/\/mundocriart.com.br\/index.php\/wp-json\/wp\/v2\/product_cat?post=3192"},{"taxonomy":"product_tag","embeddable":true,"href":"https:\/\/mundocriart.com.br\/index.php\/wp-json\/wp\/v2\/product_tag?post=3192"}],"curies":[{"name":"wp","href":"https:\/\/api.w.org\/{rel}","templated":true}]}}